{"id":73,"date":"2018-02-06T15:27:17","date_gmt":"2018-02-06T15:27:17","guid":{"rendered":"https:\/\/emsow.schantl.io\/?page_id=73"},"modified":"2024-10-21T15:35:17","modified_gmt":"2024-10-21T13:35:17","slug":"impressum","status":"publish","type":"page","link":"https:\/\/www.stadtkapelle-pinkafeld.at\/?page_id=73","title":{"rendered":"Impressum"},"content":{"rendered":"<h2>Medieninhaber<\/h2>\n<div class=\"img-left img-below\">\n<div class=\"text\">\n<p>Musikverein Pinkafeld<br \/>\nObmann: Dr. Karl-Heinz Fratzl<\/p>\n<p>Steinamangerstra\u00dfe 2<br \/>\nA-7423 Pinkafeld<\/p>\n<h2>Umsetzung<\/h2>\n<div class=\"img-left img-below\">\n<div class=\"text\">\n<p><strong>HTL Pinkafeld:\u00a0<\/strong>Lukas Augustin, Michael Steinbauer, Prof. MMag. Bernd Hochwarter<\/p>\n<p><a href=\"https:\/\/www.htlpinkafeld.at\/\" target=\"_blank\" rel=\"alternate noopener noreferrer\"><img loading=\"lazy\" decoding=\"async\" src=\"https:\/\/www.stadtkapelle-pinkafeld.at\/wp-content\/uploads\/2018\/10\/Logo_HTL_Pinkafeld.svg_-300x125.png\" width=\"141\" height=\"78\" \/><\/a>\u00a0<img loading=\"lazy\" decoding=\"async\" src=\"https:\/\/www.stadtkapelle-pinkafeld.at\/wp-content\/uploads\/2018\/10\/informatik-300x300.jpg\" alt=\"\" width=\"78\" height=\"78\" \/><\/p>\n<\/div>\n<\/div>\n<\/div>\n<\/div>\n<h2>Datenschutzerkl\u00e4rung<\/h2>\n<p>Diese Website benutzt Google Analytics, einen Webanalysedienst der Google Inc. (&#8222;Google&#8220;). Google Analytics verwendet sog. &#8222;Cookies&#8220;, Textdateien, die auf Ihrem Computer gespeichert werden und die eine Analyse der Benutzung der Website durch Sie erm\u00f6glichen. Die durch das Cookie erzeugten Informationen \u00fcber Ihre Benutzung dieser Website werden in der Regel an einen Server von Google in den USA \u00fcbertragen und dort gespeichert. Im Falle der Aktivierung der IP-Anonymisierung auf dieser Website, wird Ihre IP-Adresse von Google jedoch innerhalb von Mitgliedstaaten der Europ\u00e4ischen Union oder in anderen Vertragsstaaten des Abkommens \u00fcber den Europ\u00e4ischen Wirtschaftsraum zuvor gek\u00fcrzt. Nur in Ausnahmef\u00e4llen wird die volle IP-Adresse an einen Server von Google in den USA \u00fcbertragen und dort gek\u00fcrzt. Im Auftrag des Betreibers dieser Website wird Google diese Informationen benutzen, um Ihre Nutzung der Website auszuwerten, um Reports \u00fcber die Websiteaktivit\u00e4ten zusammenzustellen und um weitere mit der Websitenutzung und der Internetnutzung verbundene Dienstleistungen gegen\u00fcber dem Websitebetreiber zu erbringen. Die im Rahmen von Google Analytics von Ihrem Browser \u00fcbermittelte IP-Adresse wird nicht mit anderen Daten von Google zusammengef\u00fchrt. Sie k\u00f6nnen die Speicherung der Cookies durch eine entsprechende Einstellung Ihrer Browser-Software verhindern; wir weisen Sie jedoch darauf hin, dass Sie in diesem Fall gegebenenfalls nicht s\u00e4mtliche Funktionen dieser Website vollumf\u00e4nglich werden nutzen k\u00f6nnen.<\/p>\n<p>Sie k\u00f6nnen dar\u00fcber hinaus die Erfassung der durch das Cookie erzeugten und auf Ihre Nutzung der Website bezogenen Daten (inkl. Ihrer IP-Adresse) an Google sowie die Verarbeitung dieser Daten durch Google verhindern, indem Sie das unter dem folgenden Link (<a href=\"http:\/\/tools.google.com\/dlpage\/gaoptout?hl=de\">http:\/\/tools.google.com\/dlpage\/gaoptout?hl=de<\/a>) verf\u00fcgbare Browser-Plugin herunterladen und installieren.<\/p>\n<p>Sie k\u00f6nnen die Erfassung durch Google Analytics verhindern, indem Sie auf folgenden Link klicken. Es wird ein Opt-Out-Cookie gesetzt, das die zuk\u00fcnftige Erfassung Ihrer Daten beim Besuch dieser Website verhindert:\u00a0<a>Google Analytics deaktivieren<\/a><\/p>\n<p>N\u00e4here Informationen zu Nutzungsbedingungen und Datenschutz finden Sie unter\u00a0<a href=\"http:\/\/www.google.com\/analytics\/terms\/de.html\">http:\/\/www.google.com\/analytics\/terms\/de.html<\/a>\u00a0bzw. unter\u00a0<a href=\"https:\/\/www.google.de\/intl\/de\/policies\/\">https:\/\/www.google.de\/intl\/de\/policies\/<\/a>. Wir weisen Sie darauf hin, dass auf dieser Website Google Analytics um den Code &#8222;anonymizeIp&#8220; erweitert wurde, um eine anonymisierte Erfassung von IP-Adressen (sog. IP-Masking) zu gew\u00e4hrleisten.<\/p>\n<p>(Quelle:\u00a0<a href=\"https:\/\/www.datenschutzbeauftragter-info.de\/fachbeitraege\/google-analytics-datenschutzkonform-einsetzen\/\">www.datenschutzbeauftragter-info.de<\/a>)<\/p>\n<p>Diese Website nutzt die Google-Analytics-Berichte zu demografischen Merkmalen, in denen Daten aus interessenbezogener Werbung von Google sowie Besucherdaten von Drittanbietern (z. B. Alter, Geschlecht und Interessen) verwendet werden. Diese Daten sind nicht auf eine bestimmte Person zur\u00fcckzuf\u00fchren und k\u00f6nnen jederzeit \u00fcber die\u00a0<a href=\"http:\/\/t3n.digidip.net\/visit?url=http%3A%2F%2Ft3n.me%2Fgoogle-settings&amp;ppref=https%3A%2F%2Fwww.google.at%2F\">Google Anzeigeneinstellungen<\/a>\u00a0deaktiviert werden.<\/p>\n<h2>Haftungsausschluss<\/h2>\n<p><strong>1. Haftungsbeschr\u00e4nkung<\/strong><br \/>\nDie Inhalte des Internetauftritts wurden mit gr\u00f6\u00dftm\u00f6glicher Sorgfalt und nach bestem Gewissen erstellt. Dennoch \u00fcbernimmt der Anbieter dieser Webseite keine Gew\u00e4hr f\u00fcr die Aktualit\u00e4t, Vollst\u00e4ndigkeit und Richtigkeit der bereitgestellten Seiten und Inhalte.<\/p>\n<p>Als Diensteanbieter ist der Anbieter dieser Webseite gem\u00e4\u00df \u00a7 7 Abs. 1 TMG f\u00fcr eigene Inhalte und bereitgestellte Informationen auf diesen Seiten nach den allgemeinen Gesetzen verantwortlich; nach den \u00a7\u00a7 8 bis 10 TMG jedoch nicht verpflichtet, die \u00fcbermittelten oder gespeicherten fremden Informationen zu \u00fcberwachen. Eine Entfernung oder Sperrung dieser Inhalte erfolgt umgehend ab dem Zeitpunkt der Kenntnis einer konkreten Rechtsverletzung. Eine Haftung ist erst ab dem Zeitpunkt der Kenntniserlangung m\u00f6glich.<\/p>\n<p><strong>2. Externe Links<\/strong><br \/>\nDie Webseite enth\u00e4lt sog. \u201eexterne Links\u201c (Verlinkungen) zu anderen Webseiten, auf deren Inhalt der Anbieter der Webseite keinen Einfluss hat. Aus diesem Grund kann der Anbieter f\u00fcr diese Inhalte auch keine Gew\u00e4hr \u00fcbernehmen.<br \/>\nF\u00fcr die Inhalte und Richtigkeit der bereitgestellten Informationen ist der jeweilige Anbieter der verlinkten Webseite verantwortlich. Zum Zeitpunkt der Verlinkung waren keine Rechtsverst\u00f6\u00dfe erkennbar. Bei Bekanntwerden einer solchen Rechtsverletzung wird der Link umgehend entfernen.<\/p>\n<p><strong>3. Urheberrecht\/Leistungsschutzrecht<\/strong><br \/>\nDie auf dieser Webseite ver\u00f6ffentlichten Inhalte, Werke und bereitgestellten Informationen unterliegen dem deutschen Urheberrecht und Leistungsschutzrecht. Jede Art der Vervielf\u00e4ltigung, Bearbeitung, Verbreitung, Einspeicherung und jede Art der Verwertung au\u00dferhalb der Grenzen des Urheberrechts bedarf der vorherigen schriftlichen Zustimmung des jeweiligen Rechteinhabers. Das unerlaubte Kopieren\/Speichern der bereitgestellten Informationen auf diesen Webseiten ist nicht gestattet und strafbar.<\/p>\n<p><strong>4. Datenschutz<\/strong><br \/>\nDurch den Besuch des Internetauftritts k\u00f6nnen Informationen (Datum, Uhrzeit, aufgerufene Seite) \u00fcber den Zugriff auf dem Server gespeichert werden. Es werden keine personenbezogenenen (z. B. Name, Anschrift oder E-Mail-Adresse) Daten, gespeichert.<\/p>\n<p>Sofern personenbezogene Daten erhoben werden, erfolgt dies, sofern m\u00f6glich, nur mit dem vorherigen Einverst\u00e4ndnis des Nutzers der Webseite. Eine Weitergabe der Daten an Dritte findet ohne ausdr\u00fcckliche Zustimmung des Nutzers nicht statt.<\/p>\n<p>Der Anbieter weist darauf hin, dass die \u00dcbertragung von Daten im Internet (z. B. per E-Mail) Sicherheitsl\u00fccken aufweisen und ein l\u00fcckenloser Schutz der Daten vor dem Zugriff Dritter nicht gew\u00e4hrleistet werden kann. Der Anbieter \u00fcbernimmt keine Haftung f\u00fcr die durch solche Sicherheitsl\u00fccken entstandenen Sch\u00e4den.<\/p>\n<p>Der Verwendung der Kontaktdaten durch Dritte zur gewerblichen Nutzung wird ausdr\u00fccklich widersprochen. Es sei denn, der Anbieter hat zuvor seine schriftliche Einwilligung erteilt.<br \/>\nDer Anbieter beh\u00e4lt sich rechtliche Schritte f\u00fcr den Fall der unverlangten Zusendung von Werbeinformationen, z. B. durch Spam-Mails, vor.<\/p>\n<h2>Bilder und Fotocredits<\/h2>\n<p>BillionDigital,\u00a0<a href=\"http:\/\/www.billionphotos.com\/\" target=\"_blank\" rel=\"noopener noreferrer\">BillionPhotos.com<\/a><\/p>\n<p>Stadtkapelle Pinkafeld<\/p>\n","protected":false},"excerpt":{"rendered":"<p>Medieninhaber Musikverein Pinkafeld Obmann: Dr. Karl-Heinz Fratzl Steinamangerstra\u00dfe 2 A-7423 Pinkafeld Umsetzung HTL Pinkafeld:\u00a0Lukas Augustin, Michael Steinbauer, Prof. MMag. Bernd Hochwarter \u00a0 Datenschutzerkl\u00e4rung Diese Website benutzt Google Analytics, einen Webanalysedienst der Google Inc. (&#8222;Google&#8220;). Google Analytics verwendet sog. &#8222;Cookies&#8220;, Textdateien,<\/p>\n","protected":false},"author":2,"featured_media":0,"parent":0,"menu_order":9,"comment_status":"closed","ping_status":"closed","template":"","meta":{"_monsterinsights_skip_tracking":false,"_monsterinsights_sitenote_active":false,"_monsterinsights_sitenote_note":"","_monsterinsights_sitenote_category":0,"footnotes":""},"_links":{"self":[{"href":"https:\/\/www.stadtkapelle-pinkafeld.at\/index.php?rest_route=\/wp\/v2\/pages\/73"}],"collection":[{"href":"https:\/\/www.stadtkapelle-pinkafeld.at\/index.php?rest_route=\/wp\/v2\/pages"}],"about":[{"href":"https:\/\/www.stadtkapelle-pinkafeld.at\/index.php?rest_route=\/wp\/v2\/types\/page"}],"author":[{"embeddable":true,"href":"https:\/\/www.stadtkapelle-pinkafeld.at\/index.php?rest_route=\/wp\/v2\/users\/2"}],"replies":[{"embeddable":true,"href":"https:\/\/www.stadtkapelle-pinkafeld.at\/index.php?rest_route=%2Fwp%2Fv2%2Fcomments&post=73"}],"version-history":[{"count":11,"href":"https:\/\/www.stadtkapelle-pinkafeld.at\/index.php?rest_route=\/wp\/v2\/pages\/73\/revisions"}],"predecessor-version":[{"id":1280,"href":"https:\/\/www.stadtkapelle-pinkafeld.at\/index.php?rest_route=\/wp\/v2\/pages\/73\/revisions\/1280"}],"wp:attachment":[{"href":"https:\/\/www.stadtkapelle-pinkafeld.at\/index.php?rest_route=%2Fwp%2Fv2%2Fmedia&parent=73"}],"curies":[{"name":"wp","href":"https:\/\/api.w.org\/{rel}","templated":true}]}}